{"id":2,"date":"2024-06-25T05:49:28","date_gmt":"2024-06-25T05:49:28","guid":{"rendered":"http:\/\/www.citynoita.fi\/?page_id=2"},"modified":"2024-06-25T05:51:05","modified_gmt":"2024-06-25T05:51:05","slug":"sample-page","status":"publish","type":"page","link":"https:\/\/www.citynoita.fi\/index.php\/sample-page\/","title":{"rendered":"Intro"},"content":{"rendered":"<p><strong>Tervetuloa Tienristeykseen!<\/strong><\/p><p>Citynoita.fi on oma pikku magiaportaaliprojektini. Sen tarkoituksena on toimia yhteyskohtana, inspiraationa kenties, paikkana jossa voin pohtia magiaan ja tarotiin liittyvi\u00e4 asioita, ja mik\u00e4li joku t\u00e4st\u00e4 jotain hy\u00f6ty\u00e4 saa, kiva niin. Minua saa my\u00f6s heitt\u00e4\u00e4 kysymyksill\u00e4, vastaan niihin ajan kanssa jos vaan voin (tosin omalla tavallani).<\/p><p>T\u00e4\u00e4ll\u00e4 tulee olemaan my\u00f6s kauppa, jossa kauppaan tarot-tulkintoja, kursseja, workshoppeja ja pieniss\u00e4 eriss\u00e4 tuotettuja magiatarvikkeita silloin kun niit\u00e4 teen.<\/p><p>&nbsp;Noituus ja magian harjoittaminen on ollut kelkassa v\u00e4h\u00e4n yli parikymment\u00e4 vuotta. Tarot l\u00e4hemm\u00e4s kolmekymment\u00e4. Olen taustaltani eklektinen, mielelt\u00e4ni pohtiva ja utelias, ajaltani kiireinen (helou, ruuhkavuodet!), ymp\u00e4rist\u00f6lt\u00e4ni ehdottoman luontorakas citynoita. En ole osa mit\u00e4\u00e4n muodollista traditiota, viel\u00e4 v\u00e4hemm\u00e4n mist\u00e4\u00e4n vanhasta noitasuvusta, olen noita, maagikko, tarotisti, druidi, yksi jalka vakaasti perhearjessa ja toinen maailmojen v\u00e4liss\u00e4. Rakastan pulmia, arvoituksia, mystisi\u00e4 kokemuksia ja arkij\u00e4rjen k\u00e4ytt\u00f6\u00e4. Monipuolisuus on rikkaus ja kontrastit antavat v\u00e4ri\u00e4 el\u00e4m\u00e4\u00e4n. Uskon vakaasti j\u00e4rjestelmien sis\u00e4iseen logiikkaan (ja niiden &nbsp;noudattamiseen), hyveellisen el\u00e4m\u00e4n tavoitteluun (m\u00e4\u00e4rittele itse omat hyveesi) sek\u00e4 el\u00e4m\u00e4nteht\u00e4vien jahtaamiseen. T\u00e4m\u00e4 portaali on yht\u00e4 monipuolisen looginen kuin min\u00e4kin, joten tervetuloa haahuilemaan.<\/p>","protected":false},"excerpt":{"rendered":"<p>Tervetuloa Tienristeykseen! Citynoita.fi on oma pikku magiaportaaliprojektini. Sen tarkoituksena on toimia yhteyskohtana, inspiraationa kenties, paikkana [&hellip;]<\/p>\n","protected":false},"author":1,"featured_media":0,"parent":0,"menu_order":0,"comment_status":"closed","ping_status":"open","template":"","meta":{"footnotes":""},"class_list":["post-2","page","type-page","status-publish","hentry"],"jetpack_sharing_enabled":true,"_links":{"self":[{"href":"https:\/\/www.citynoita.fi\/index.php\/wp-json\/wp\/v2\/pages\/2"}],"collection":[{"href":"https:\/\/www.citynoita.fi\/index.php\/wp-json\/wp\/v2\/pages"}],"about":[{"href":"https:\/\/www.citynoita.fi\/index.php\/wp-json\/wp\/v2\/types\/page"}],"author":[{"embeddable":true,"href":"https:\/\/www.citynoita.fi\/index.php\/wp-json\/wp\/v2\/users\/1"}],"replies":[{"embeddable":true,"href":"https:\/\/www.citynoita.fi\/index.php\/wp-json\/wp\/v2\/comments?post=2"}],"version-history":[{"count":3,"href":"https:\/\/www.citynoita.fi\/index.php\/wp-json\/wp\/v2\/pages\/2\/revisions"}],"predecessor-version":[{"id":14,"href":"https:\/\/www.citynoita.fi\/index.php\/wp-json\/wp\/v2\/pages\/2\/revisions\/14"}],"wp:attachment":[{"href":"https:\/\/www.citynoita.fi\/index.php\/wp-json\/wp\/v2\/media?parent=2"}],"curies":[{"name":"wp","href":"https:\/\/api.w.org\/{rel}","templated":true}]}}