{"id":81,"date":"2024-06-26T07:31:18","date_gmt":"2024-06-26T07:31:18","guid":{"rendered":"http:\/\/www.citynoita.fi\/?page_id=81"},"modified":"2024-06-26T08:14:54","modified_gmt":"2024-06-26T08:14:54","slug":"tarot","status":"publish","type":"page","link":"https:\/\/www.citynoita.fi\/index.php\/tarot\/","title":{"rendered":"Tarot"},"content":{"rendered":"<p>Ker\u00e4\u00e4n t\u00e4nne listan linkeist\u00e4, joissa k\u00e4sitell\u00e4\u00e4n tarotin lukemisen keskeisi\u00e4 kysymyksi\u00e4. Jos haluat ostaa minulta tulkinnan, siirry KAUPAN puolelle (kunhan se avautuu).<\/p><ul class=\"wp-block-list\"><li><a href=\"https:\/\/www.citynoita.fi\/index.php\/2024\/06\/26\/miten-paasta-alkuun-tarotin-kanssa\/\">Alkuun p\u00e4semisest\u00e4<\/a><\/li>\n\n<li><a href=\"http:\/\/www.citynoita.fi\/index.php\/2024\/06\/26\/kuinka-valita-ensimmainen-tarot-pakka\/\">Korttien valinnasta<\/a><\/li>\n\n<li><a href=\"http:\/\/www.citynoita.fi\/index.php\/2024\/06\/26\/tarot-korttien-kasittelyn-lyhyt-oppimaara\/\">Korttien k\u00e4sittelyst\u00e4<\/a><\/li>\n\n<li><a href=\"http:\/\/www.citynoita.fi\/index.php\/2024\/06\/26\/a-short-guide-to-asking-good-questions-from-the-tarot\/\">Kuinka kysy\u00e4 hyvi\u00e4 kysymyksi\u00e4<\/a> (toistaiseksi vain englanniksi, k\u00e4\u00e4nn\u00e4n kunhan kerke\u00e4n. Kirjoitin t\u00e4m\u00e4n ohjeeksi tapahtumia kuten esim. polttareita silm\u00e4ll\u00e4pit\u00e4en)<\/li><\/ul><p><\/p>","protected":false},"excerpt":{"rendered":"<p>Ker\u00e4\u00e4n t\u00e4nne listan linkeist\u00e4, joissa k\u00e4sitell\u00e4\u00e4n tarotin lukemisen keskeisi\u00e4 kysymyksi\u00e4. Jos haluat ostaa minulta tulkinnan, [&hellip;]<\/p>\n","protected":false},"author":1,"featured_media":0,"parent":0,"menu_order":0,"comment_status":"closed","ping_status":"closed","template":"","meta":{"footnotes":""},"class_list":["post-81","page","type-page","status-publish","hentry"],"jetpack_sharing_enabled":true,"_links":{"self":[{"href":"https:\/\/www.citynoita.fi\/index.php\/wp-json\/wp\/v2\/pages\/81"}],"collection":[{"href":"https:\/\/www.citynoita.fi\/index.php\/wp-json\/wp\/v2\/pages"}],"about":[{"href":"https:\/\/www.citynoita.fi\/index.php\/wp-json\/wp\/v2\/types\/page"}],"author":[{"embeddable":true,"href":"https:\/\/www.citynoita.fi\/index.php\/wp-json\/wp\/v2\/users\/1"}],"replies":[{"embeddable":true,"href":"https:\/\/www.citynoita.fi\/index.php\/wp-json\/wp\/v2\/comments?post=81"}],"version-history":[{"count":3,"href":"https:\/\/www.citynoita.fi\/index.php\/wp-json\/wp\/v2\/pages\/81\/revisions"}],"predecessor-version":[{"id":96,"href":"https:\/\/www.citynoita.fi\/index.php\/wp-json\/wp\/v2\/pages\/81\/revisions\/96"}],"wp:attachment":[{"href":"https:\/\/www.citynoita.fi\/index.php\/wp-json\/wp\/v2\/media?parent=81"}],"curies":[{"name":"wp","href":"https:\/\/api.w.org\/{rel}","templated":true}]}}