{"id":92,"date":"2024-06-26T08:12:30","date_gmt":"2024-06-26T08:12:30","guid":{"rendered":"http:\/\/www.citynoita.fi\/?page_id=92"},"modified":"2024-06-26T08:12:32","modified_gmt":"2024-06-26T08:12:32","slug":"magia","status":"publish","type":"page","link":"https:\/\/www.citynoita.fi\/index.php\/magia\/","title":{"rendered":"Magia"},"content":{"rendered":"<p>Ker\u00e4\u00e4n t\u00e4nne yhteen noituutta k\u00e4sittelevi\u00e4 artikkeleita sit\u00e4 mukaa kun niit\u00e4 luon. Mik\u00e4li olet kiinnostunut ostamaan magiatarvikkeita, siirry KAUPAN puolelle (kunhan se aukeaa).<\/p>","protected":false},"excerpt":{"rendered":"<p>Ker\u00e4\u00e4n t\u00e4nne yhteen noituutta k\u00e4sittelevi\u00e4 artikkeleita sit\u00e4 mukaa kun niit\u00e4 luon. Mik\u00e4li olet kiinnostunut ostamaan [&hellip;]<\/p>\n","protected":false},"author":1,"featured_media":0,"parent":0,"menu_order":0,"comment_status":"closed","ping_status":"closed","template":"","meta":{"footnotes":""},"class_list":["post-92","page","type-page","status-publish","hentry"],"jetpack_sharing_enabled":true,"_links":{"self":[{"href":"https:\/\/www.citynoita.fi\/index.php\/wp-json\/wp\/v2\/pages\/92"}],"collection":[{"href":"https:\/\/www.citynoita.fi\/index.php\/wp-json\/wp\/v2\/pages"}],"about":[{"href":"https:\/\/www.citynoita.fi\/index.php\/wp-json\/wp\/v2\/types\/page"}],"author":[{"embeddable":true,"href":"https:\/\/www.citynoita.fi\/index.php\/wp-json\/wp\/v2\/users\/1"}],"replies":[{"embeddable":true,"href":"https:\/\/www.citynoita.fi\/index.php\/wp-json\/wp\/v2\/comments?post=92"}],"version-history":[{"count":1,"href":"https:\/\/www.citynoita.fi\/index.php\/wp-json\/wp\/v2\/pages\/92\/revisions"}],"predecessor-version":[{"id":93,"href":"https:\/\/www.citynoita.fi\/index.php\/wp-json\/wp\/v2\/pages\/92\/revisions\/93"}],"wp:attachment":[{"href":"https:\/\/www.citynoita.fi\/index.php\/wp-json\/wp\/v2\/media?parent=92"}],"curies":[{"name":"wp","href":"https:\/\/api.w.org\/{rel}","templated":true}]}}